{"id":5693,"date":"2025-04-26T21:32:29","date_gmt":"2025-04-26T19:32:29","guid":{"rendered":"https:\/\/www.clubfactory.fr\/lafertevolley\/?post_type=product&#038;p=5693"},"modified":"2025-11-13T17:56:24","modified_gmt":"2025-11-13T16:56:24","slug":"sac-de-sport-xl-avec-trolley","status":"publish","type":"product","link":"https:\/\/www.clubfactory.fr\/lafertevolley\/produit\/sac-de-sport-xl-avec-trolley\/","title":{"rendered":"Sac de sport XL avec Trolley"},"content":{"rendered":"<ul>\n<li>Grande ouverture sur le dessus pour acc\u00e8s imm\u00e9diat.<\/li>\n<li>Compartiment range-chaussures sur le c\u00f4t\u00e9 afin de ne pas salir l&rsquo;int\u00e9rieur du sac.<\/li>\n<li>Renforts pour plus de solidit\u00e9.<\/li>\n<\/ul>\n","protected":false},"excerpt":{"rendered":"<p>Grande ouverture sur le dessus pour acc\u00e8s imm\u00e9diat. Compartiment range-chaussures sur le c\u00f4t\u00e9 afin de ne pas salir l&rsquo;int\u00e9rieur du sac. Renforts pour plus de solidit\u00e9.<\/p>\n","protected":false},"featured_media":5694,"template":"","meta":[],"product_cat":[139,172],"product_tag":[],"class_list":{"0":"post-5693","1":"product","2":"type-product","3":"status-publish","4":"has-post-thumbnail","6":"product_cat-accessoires","7":"product_cat-produit-forte-reduction","9":"first","10":"instock","11":"sale","12":"shipping-taxable","13":"purchasable","14":"product-type-simple"},"jetpack_sharing_enabled":true,"_links":{"self":[{"href":"https:\/\/www.clubfactory.fr\/lafertevolley\/wp-json\/wp\/v2\/product\/5693","targetHints":{"allow":["GET"]}}],"collection":[{"href":"https:\/\/www.clubfactory.fr\/lafertevolley\/wp-json\/wp\/v2\/product"}],"about":[{"href":"https:\/\/www.clubfactory.fr\/lafertevolley\/wp-json\/wp\/v2\/types\/product"}],"wp:featuredmedia":[{"embeddable":true,"href":"https:\/\/www.clubfactory.fr\/lafertevolley\/wp-json\/wp\/v2\/media\/5694"}],"wp:attachment":[{"href":"https:\/\/www.clubfactory.fr\/lafertevolley\/wp-json\/wp\/v2\/media?parent=5693"}],"wp:term":[{"taxonomy":"product_cat","embeddable":true,"href":"https:\/\/www.clubfactory.fr\/lafertevolley\/wp-json\/wp\/v2\/product_cat?post=5693"},{"taxonomy":"product_tag","embeddable":true,"href":"https:\/\/www.clubfactory.fr\/lafertevolley\/wp-json\/wp\/v2\/product_tag?post=5693"}],"curies":[{"name":"wp","href":"https:\/\/api.w.org\/{rel}","templated":true}]}}