{"id":5690,"date":"2025-04-26T21:29:18","date_gmt":"2025-04-26T19:29:18","guid":{"rendered":"https:\/\/www.clubfactory.fr\/lafertevolley\/?post_type=product&#038;p=5690"},"modified":"2025-11-13T17:57:32","modified_gmt":"2025-11-13T16:57:32","slug":"sac-de-sport-s-copie","status":"publish","type":"product","link":"https:\/\/www.clubfactory.fr\/lafertevolley\/produit\/sac-de-sport-s-copie\/","title":{"rendered":"Sac de sport L"},"content":{"rendered":"<ul>\n<li>100% nylon (70D)<\/li>\n<li>int\u00e9rieur PVC<\/li>\n<li>bandouli\u00e8re r\u00e9glable<\/li>\n<li>deux poches de c\u00f4t\u00e9 avec fermeture \u00e0 glissi\u00e8re<\/li>\n<li>fond renforc\u00e9<\/li>\n<li>forme arrondie sur les c\u00f4t\u00e9s<\/li>\n<li>Capacit\u00e9: 32 litres<\/li>\n<li>Dimensions: 53 x 32 x 26 cm.<\/li>\n<\/ul>\n","protected":false},"excerpt":{"rendered":"<p>100% nylon (70D) int\u00e9rieur PVC bandouli\u00e8re r\u00e9glable deux poches de c\u00f4t\u00e9 avec fermeture \u00e0 glissi\u00e8re fond renforc\u00e9 forme arrondie sur les c\u00f4t\u00e9s Capacit\u00e9: 32 litres Dimensions: 53 x 32 x 26 cm.<\/p>\n","protected":false},"featured_media":5691,"template":"","meta":[],"product_cat":[139,172],"product_tag":[],"class_list":{"0":"post-5690","1":"product","2":"type-product","3":"status-publish","4":"has-post-thumbnail","6":"product_cat-accessoires","7":"product_cat-produit-forte-reduction","9":"first","10":"instock","11":"sale","12":"shipping-taxable","13":"purchasable","14":"product-type-simple"},"jetpack_sharing_enabled":true,"_links":{"self":[{"href":"https:\/\/www.clubfactory.fr\/lafertevolley\/wp-json\/wp\/v2\/product\/5690","targetHints":{"allow":["GET"]}}],"collection":[{"href":"https:\/\/www.clubfactory.fr\/lafertevolley\/wp-json\/wp\/v2\/product"}],"about":[{"href":"https:\/\/www.clubfactory.fr\/lafertevolley\/wp-json\/wp\/v2\/types\/product"}],"wp:featuredmedia":[{"embeddable":true,"href":"https:\/\/www.clubfactory.fr\/lafertevolley\/wp-json\/wp\/v2\/media\/5691"}],"wp:attachment":[{"href":"https:\/\/www.clubfactory.fr\/lafertevolley\/wp-json\/wp\/v2\/media?parent=5690"}],"wp:term":[{"taxonomy":"product_cat","embeddable":true,"href":"https:\/\/www.clubfactory.fr\/lafertevolley\/wp-json\/wp\/v2\/product_cat?post=5690"},{"taxonomy":"product_tag","embeddable":true,"href":"https:\/\/www.clubfactory.fr\/lafertevolley\/wp-json\/wp\/v2\/product_tag?post=5690"}],"curies":[{"name":"wp","href":"https:\/\/api.w.org\/{rel}","templated":true}]}}