{"id":5688,"date":"2025-04-26T21:26:54","date_gmt":"2025-04-26T19:26:54","guid":{"rendered":"https:\/\/www.clubfactory.fr\/lafertevolley\/?post_type=product&#038;p=5688"},"modified":"2025-11-13T17:56:54","modified_gmt":"2025-11-13T16:56:54","slug":"sac-de-sport-s","status":"publish","type":"product","link":"https:\/\/www.clubfactory.fr\/lafertevolley\/produit\/sac-de-sport-s\/","title":{"rendered":"Sac de sport S"},"content":{"rendered":"<ul class=\"product-sales-pitch\">\n<li>R\u00e9siste aux d\u00e9chirures.<\/li>\n<li>Poche ext\u00e9rieure en filet sur le devant pour un rangement facile et rapide.<\/li>\n<\/ul>\n","protected":false},"excerpt":{"rendered":"<p>R\u00e9siste aux d\u00e9chirures. Poche ext\u00e9rieure en filet sur le devant pour un rangement facile et rapide.<\/p>\n","protected":false},"featured_media":5689,"template":"","meta":[],"product_cat":[139,172],"product_tag":[],"class_list":{"0":"post-5688","1":"product","2":"type-product","3":"status-publish","4":"has-post-thumbnail","6":"product_cat-accessoires","7":"product_cat-produit-forte-reduction","9":"first","10":"instock","11":"sale","12":"shipping-taxable","13":"purchasable","14":"product-type-simple"},"jetpack_sharing_enabled":true,"_links":{"self":[{"href":"https:\/\/www.clubfactory.fr\/lafertevolley\/wp-json\/wp\/v2\/product\/5688","targetHints":{"allow":["GET"]}}],"collection":[{"href":"https:\/\/www.clubfactory.fr\/lafertevolley\/wp-json\/wp\/v2\/product"}],"about":[{"href":"https:\/\/www.clubfactory.fr\/lafertevolley\/wp-json\/wp\/v2\/types\/product"}],"wp:featuredmedia":[{"embeddable":true,"href":"https:\/\/www.clubfactory.fr\/lafertevolley\/wp-json\/wp\/v2\/media\/5689"}],"wp:attachment":[{"href":"https:\/\/www.clubfactory.fr\/lafertevolley\/wp-json\/wp\/v2\/media?parent=5688"}],"wp:term":[{"taxonomy":"product_cat","embeddable":true,"href":"https:\/\/www.clubfactory.fr\/lafertevolley\/wp-json\/wp\/v2\/product_cat?post=5688"},{"taxonomy":"product_tag","embeddable":true,"href":"https:\/\/www.clubfactory.fr\/lafertevolley\/wp-json\/wp\/v2\/product_tag?post=5688"}],"curies":[{"name":"wp","href":"https:\/\/api.w.org\/{rel}","templated":true}]}}