{"id":5675,"date":"2025-04-26T21:16:16","date_gmt":"2025-04-26T19:16:16","guid":{"rendered":"https:\/\/www.clubfactory.fr\/lafertevolley\/?post_type=product&#038;p=5675"},"modified":"2025-11-13T18:01:16","modified_gmt":"2025-11-13T17:01:16","slug":"parka-sport","status":"publish","type":"product","link":"https:\/\/www.clubfactory.fr\/lafertevolley\/produit\/parka-sport\/","title":{"rendered":"Parka Sport"},"content":{"rendered":"<ul>\n<li>Enduction PVC pour un tissu technique et d\u00e9perlant.<\/li>\n<li>2 poches lat\u00e9rales zipp\u00e9es + 1 poche int\u00e9rieure.<\/li>\n<li>Biais r\u00e9fl\u00e9chissants.<\/li>\n<\/ul>\n","protected":false},"excerpt":{"rendered":"<p>Enduction PVC pour un tissu technique et d\u00e9perlant. 2 poches lat\u00e9rales zipp\u00e9es + 1 poche int\u00e9rieure. Biais r\u00e9fl\u00e9chissants.<\/p>\n","protected":false},"featured_media":5683,"template":"","meta":[],"product_cat":[170,175,138],"product_tag":[],"class_list":{"0":"post-5675","1":"product","2":"type-product","3":"status-publish","4":"has-post-thumbnail","6":"product_cat-broderie","7":"product_cat-produit-faible-reduction","8":"product_cat-vetements","10":"first","11":"instock","12":"shipping-taxable","13":"purchasable","14":"product-type-variable"},"jetpack_sharing_enabled":true,"_links":{"self":[{"href":"https:\/\/www.clubfactory.fr\/lafertevolley\/wp-json\/wp\/v2\/product\/5675","targetHints":{"allow":["GET"]}}],"collection":[{"href":"https:\/\/www.clubfactory.fr\/lafertevolley\/wp-json\/wp\/v2\/product"}],"about":[{"href":"https:\/\/www.clubfactory.fr\/lafertevolley\/wp-json\/wp\/v2\/types\/product"}],"wp:featuredmedia":[{"embeddable":true,"href":"https:\/\/www.clubfactory.fr\/lafertevolley\/wp-json\/wp\/v2\/media\/5683"}],"wp:attachment":[{"href":"https:\/\/www.clubfactory.fr\/lafertevolley\/wp-json\/wp\/v2\/media?parent=5675"}],"wp:term":[{"taxonomy":"product_cat","embeddable":true,"href":"https:\/\/www.clubfactory.fr\/lafertevolley\/wp-json\/wp\/v2\/product_cat?post=5675"},{"taxonomy":"product_tag","embeddable":true,"href":"https:\/\/www.clubfactory.fr\/lafertevolley\/wp-json\/wp\/v2\/product_tag?post=5675"}],"curies":[{"name":"wp","href":"https:\/\/api.w.org\/{rel}","templated":true}]}}