{"id":5529,"date":"2025-01-09T22:24:29","date_gmt":"2025-01-09T21:24:29","guid":{"rendered":"https:\/\/www.clubfactory.fr\/lafertevolley\/?post_type=product&#038;p=5529"},"modified":"2025-07-30T15:38:44","modified_gmt":"2025-07-30T13:38:44","slug":"doudoune-sans-manche","status":"publish","type":"product","link":"https:\/\/www.clubfactory.fr\/lafertevolley\/produit\/doudoune-sans-manche\/","title":{"rendered":"Doudoune sans Manche"},"content":{"rendered":"<ul>\n<li>Ext\u00e9rieur: 100% Polyester<\/li>\n<li>Remplissage: 140 g\/m\u00b2, 100% Polyester, recycl\u00e9 (REPREVE \u00ae)<\/li>\n<li>Doublure: 100% Polyester<\/li>\n<li>Ultra l\u00e9ger<\/li>\n<li>Super doux et silencieux \u00e0 porter<\/li>\n<li>Remplissage REPREVE \u00ae respectueux de l&rsquo;environnement: une fibre d&rsquo;origine hautement durable et renouvelable<\/li>\n<li>Doublure et d\u00e9tails contrast\u00e9s<\/li>\n<li>Fermeture \u00e9clair avec cordon<\/li>\n<li>Poches \u00e0 fermeture \u00e9clair<\/li>\n<li>Emmanchure et ourlet \u00e9lastiqu\u00e9s<\/li>\n<\/ul>\n","protected":false},"excerpt":{"rendered":"<p>Ext\u00e9rieur: 100% Polyester Remplissage: 140 g\/m\u00b2, 100% Polyester, recycl\u00e9 (REPREVE \u00ae) Doublure: 100% Polyester Ultra l\u00e9ger Super doux et silencieux \u00e0 porter Remplissage REPREVE \u00ae respectueux de l&rsquo;environnement: une fibre d&rsquo;origine hautement durable et renouvelable Doublure et d\u00e9tails contrast\u00e9s Fermeture \u00e9clair avec cordon Poches \u00e0 fermeture \u00e9clair Emmanchure et ourlet \u00e9lastiqu\u00e9s<\/p>\n","protected":false},"featured_media":5539,"template":"","meta":[],"product_cat":[169,172,138],"product_tag":[],"class_list":{"0":"post-5529","1":"product","2":"type-product","3":"status-publish","4":"has-post-thumbnail","6":"product_cat-dos-personnalisable-broderie","7":"product_cat-produit-forte-reduction","8":"product_cat-vetements","10":"first","11":"instock","12":"shipping-taxable","13":"purchasable","14":"product-type-variable"},"jetpack_sharing_enabled":true,"_links":{"self":[{"href":"https:\/\/www.clubfactory.fr\/lafertevolley\/wp-json\/wp\/v2\/product\/5529","targetHints":{"allow":["GET"]}}],"collection":[{"href":"https:\/\/www.clubfactory.fr\/lafertevolley\/wp-json\/wp\/v2\/product"}],"about":[{"href":"https:\/\/www.clubfactory.fr\/lafertevolley\/wp-json\/wp\/v2\/types\/product"}],"wp:featuredmedia":[{"embeddable":true,"href":"https:\/\/www.clubfactory.fr\/lafertevolley\/wp-json\/wp\/v2\/media\/5539"}],"wp:attachment":[{"href":"https:\/\/www.clubfactory.fr\/lafertevolley\/wp-json\/wp\/v2\/media?parent=5529"}],"wp:term":[{"taxonomy":"product_cat","embeddable":true,"href":"https:\/\/www.clubfactory.fr\/lafertevolley\/wp-json\/wp\/v2\/product_cat?post=5529"},{"taxonomy":"product_tag","embeddable":true,"href":"https:\/\/www.clubfactory.fr\/lafertevolley\/wp-json\/wp\/v2\/product_tag?post=5529"}],"curies":[{"name":"wp","href":"https:\/\/api.w.org\/{rel}","templated":true}]}}