{"id":5521,"date":"2025-01-09T22:12:15","date_gmt":"2025-01-09T21:12:15","guid":{"rendered":"https:\/\/www.clubfactory.fr\/lafertevolley\/?post_type=product&#038;p=5521"},"modified":"2025-11-13T17:51:08","modified_gmt":"2025-11-13T16:51:08","slug":"polaire-adulte","status":"publish","type":"product","link":"https:\/\/www.clubfactory.fr\/lafertevolley\/produit\/polaire-adulte\/","title":{"rendered":"Polaire Adulte"},"content":{"rendered":"<ul>\n<li>330 g\/m\u00b2<\/li>\n<li>100% polyester<\/li>\n<li>fermeture \u00e0 glissi\u00e8re int\u00e9grale<\/li>\n<li>grandes poches de c\u00f4t\u00e9<\/li>\n<li>poignets fronc\u00e9s<\/li>\n<li>base coulissante avec lien \u00e9lastiqu\u00e9.<\/li>\n<\/ul>\n","protected":false},"excerpt":{"rendered":"<p>330 g\/m\u00b2 100% polyester fermeture \u00e0 glissi\u00e8re int\u00e9grale grandes poches de c\u00f4t\u00e9 poignets fronc\u00e9s base coulissante avec lien \u00e9lastiqu\u00e9.<\/p>\n","protected":false},"featured_media":5505,"template":"","meta":[],"product_cat":[169,172,138],"product_tag":[],"class_list":{"0":"post-5521","1":"product","2":"type-product","3":"status-publish","4":"has-post-thumbnail","6":"product_cat-dos-personnalisable-broderie","7":"product_cat-produit-forte-reduction","8":"product_cat-vetements","10":"first","11":"instock","12":"shipping-taxable","13":"purchasable","14":"product-type-variable"},"jetpack_sharing_enabled":true,"_links":{"self":[{"href":"https:\/\/www.clubfactory.fr\/lafertevolley\/wp-json\/wp\/v2\/product\/5521","targetHints":{"allow":["GET"]}}],"collection":[{"href":"https:\/\/www.clubfactory.fr\/lafertevolley\/wp-json\/wp\/v2\/product"}],"about":[{"href":"https:\/\/www.clubfactory.fr\/lafertevolley\/wp-json\/wp\/v2\/types\/product"}],"wp:featuredmedia":[{"embeddable":true,"href":"https:\/\/www.clubfactory.fr\/lafertevolley\/wp-json\/wp\/v2\/media\/5505"}],"wp:attachment":[{"href":"https:\/\/www.clubfactory.fr\/lafertevolley\/wp-json\/wp\/v2\/media?parent=5521"}],"wp:term":[{"taxonomy":"product_cat","embeddable":true,"href":"https:\/\/www.clubfactory.fr\/lafertevolley\/wp-json\/wp\/v2\/product_cat?post=5521"},{"taxonomy":"product_tag","embeddable":true,"href":"https:\/\/www.clubfactory.fr\/lafertevolley\/wp-json\/wp\/v2\/product_tag?post=5521"}],"curies":[{"name":"wp","href":"https:\/\/api.w.org\/{rel}","templated":true}]}}