{"id":5494,"date":"2025-01-09T22:05:49","date_gmt":"2025-01-09T21:05:49","guid":{"rendered":"https:\/\/www.clubfactory.fr\/lafertevolley\/?post_type=product&#038;p=5494"},"modified":"2025-11-13T17:59:49","modified_gmt":"2025-11-13T16:59:49","slug":"veste-college-enfant","status":"publish","type":"product","link":"https:\/\/www.clubfactory.fr\/lafertevolley\/produit\/veste-college-enfant\/","title":{"rendered":"Veste College Enfant"},"content":{"rendered":"<ul>\n<li>300 g\/m\u00b2<\/li>\n<li>80% coton, 20% polyester<\/li>\n<li>Style unisexe enfant<\/li>\n<li>Teinture r\u00e9active<\/li>\n<li>Bande de propret\u00e9 dans le cou<\/li>\n<li>Manches contrast\u00e9es<\/li>\n<li>Boutons pression contrast\u00e9s<\/li>\n<li>Double piq\u00fbre<\/li>\n<li>Poches lat\u00e9rales contrast\u00e9es<\/li>\n<li>Bords et poignets \u00e0 rayures contrast\u00e9es.<\/li>\n<\/ul>\n","protected":false},"excerpt":{"rendered":"<p>300 g\/m\u00b2 80% coton, 20% polyester Style unisexe enfant Teinture r\u00e9active Bande de propret\u00e9 dans le cou Manches contrast\u00e9es Boutons pression contrast\u00e9s Double piq\u00fbre Poches lat\u00e9rales contrast\u00e9es Bords et poignets \u00e0 rayures contrast\u00e9es.<\/p>\n","protected":false},"featured_media":5500,"template":"","meta":[],"product_cat":[169,172,138],"product_tag":[],"class_list":{"0":"post-5494","1":"product","2":"type-product","3":"status-publish","4":"has-post-thumbnail","6":"product_cat-dos-personnalisable-broderie","7":"product_cat-produit-forte-reduction","8":"product_cat-vetements","10":"first","11":"instock","12":"shipping-taxable","13":"purchasable","14":"product-type-variable"},"jetpack_sharing_enabled":true,"_links":{"self":[{"href":"https:\/\/www.clubfactory.fr\/lafertevolley\/wp-json\/wp\/v2\/product\/5494","targetHints":{"allow":["GET"]}}],"collection":[{"href":"https:\/\/www.clubfactory.fr\/lafertevolley\/wp-json\/wp\/v2\/product"}],"about":[{"href":"https:\/\/www.clubfactory.fr\/lafertevolley\/wp-json\/wp\/v2\/types\/product"}],"wp:featuredmedia":[{"embeddable":true,"href":"https:\/\/www.clubfactory.fr\/lafertevolley\/wp-json\/wp\/v2\/media\/5500"}],"wp:attachment":[{"href":"https:\/\/www.clubfactory.fr\/lafertevolley\/wp-json\/wp\/v2\/media?parent=5494"}],"wp:term":[{"taxonomy":"product_cat","embeddable":true,"href":"https:\/\/www.clubfactory.fr\/lafertevolley\/wp-json\/wp\/v2\/product_cat?post=5494"},{"taxonomy":"product_tag","embeddable":true,"href":"https:\/\/www.clubfactory.fr\/lafertevolley\/wp-json\/wp\/v2\/product_tag?post=5494"}],"curies":[{"name":"wp","href":"https:\/\/api.w.org\/{rel}","templated":true}]}}