{"id":5299,"date":"2025-01-05T21:21:45","date_gmt":"2025-01-05T20:21:45","guid":{"rendered":"https:\/\/www.clubfactory.fr\/lafertevolley\/?post_type=product&#038;p=5299"},"modified":"2025-11-13T17:40:39","modified_gmt":"2025-11-13T16:40:39","slug":"tshirt","status":"publish","type":"product","link":"https:\/\/www.clubfactory.fr\/lafertevolley\/produit\/tshirt\/","title":{"rendered":"Tee shirt Adulte"},"content":{"rendered":"<ul>\n<li>145 g\/m\u00b2 (ECO)\u00a0 185 g\/m\u00b2 (PREMIUM)<\/li>\n<li>100% Coton, ringspun, pr\u00e9-r\u00e9tr\u00e9ci (jersey simple)<\/li>\n<li>Ash: 99% coton, 1% viscose<\/li>\n<li>Sport Grey: 85% coton, 15% viscose<\/li>\n<li>Col rond \u00e0 bord c\u00f4te avec \u00e9lasthanne<\/li>\n<li>Bande de propret\u00e9<\/li>\n<li>Construction tubulaire<\/li>\n<li>Lavable jusqu&rsquo;\u00e0 40\u00b0C<\/li>\n<li>Coupe droite.<\/li>\n<\/ul>\n","protected":false},"excerpt":{"rendered":"<p><a href=\"http:\/\/www.clubfactory.fr\/lafertevolley\/wp-content\/uploads\/sites\/2\/2025\/04\/Grille_Tarif_Tee_Eco.pdf\" target=\"_blank\">T\u00e9l\u00e9charger le guide des tailles<\/a><\/p>\n","protected":false},"featured_media":5455,"template":"","meta":[],"product_cat":[171,172,138],"product_tag":[],"class_list":{"0":"post-5299","1":"product","2":"type-product","3":"status-publish","4":"has-post-thumbnail","6":"product_cat-dos-personnalisable","7":"product_cat-produit-forte-reduction","8":"product_cat-vetements","10":"first","11":"instock","12":"shipping-taxable","13":"purchasable","14":"product-type-variable","15":"has-default-attributes"},"jetpack_sharing_enabled":true,"_links":{"self":[{"href":"https:\/\/www.clubfactory.fr\/lafertevolley\/wp-json\/wp\/v2\/product\/5299","targetHints":{"allow":["GET"]}}],"collection":[{"href":"https:\/\/www.clubfactory.fr\/lafertevolley\/wp-json\/wp\/v2\/product"}],"about":[{"href":"https:\/\/www.clubfactory.fr\/lafertevolley\/wp-json\/wp\/v2\/types\/product"}],"wp:featuredmedia":[{"embeddable":true,"href":"https:\/\/www.clubfactory.fr\/lafertevolley\/wp-json\/wp\/v2\/media\/5455"}],"wp:attachment":[{"href":"https:\/\/www.clubfactory.fr\/lafertevolley\/wp-json\/wp\/v2\/media?parent=5299"}],"wp:term":[{"taxonomy":"product_cat","embeddable":true,"href":"https:\/\/www.clubfactory.fr\/lafertevolley\/wp-json\/wp\/v2\/product_cat?post=5299"},{"taxonomy":"product_tag","embeddable":true,"href":"https:\/\/www.clubfactory.fr\/lafertevolley\/wp-json\/wp\/v2\/product_tag?post=5299"}],"curies":[{"name":"wp","href":"https:\/\/api.w.org\/{rel}","templated":true}]}}