{"id":5279,"date":"2025-01-05T21:14:57","date_gmt":"2025-01-05T20:14:57","guid":{"rendered":"https:\/\/www.clubfactory.fr\/lafertevolley\/?post_type=product&#038;p=5279"},"modified":"2025-11-13T17:49:54","modified_gmt":"2025-11-13T16:49:54","slug":"sweat-zippe-avec-capuche","status":"publish","type":"product","link":"https:\/\/www.clubfactory.fr\/lafertevolley\/produit\/sweat-zippe-avec-capuche\/","title":{"rendered":"Sweat Zipp\u00e9 Adulte avec Capuche"},"content":{"rendered":"<ul>\n<li>280 g\/m\u00b2<\/li>\n<li>80% coton peign\u00e9 ring spun, 20% polyester<\/li>\n<li>capuche doubl\u00e9e avec cordon<\/li>\n<li>cordon plat avec oeillets<\/li>\n<li>bord et poignets larges<\/li>\n<li>\u00e9paules \u00e9troites<\/li>\n<li>bande de propret\u00e9 en chevrons<\/li>\n<\/ul>\n","protected":false},"excerpt":{"rendered":"<p>280 g\/m\u00b2 80% coton peign\u00e9 ring spun, 20% polyester capuche doubl\u00e9e avec cordon cordon plat avec oeillets bord et poignets larges \u00e9paules \u00e9troites bande de propret\u00e9 en chevrons<\/p>\n","protected":false},"featured_media":5465,"template":"","meta":[],"product_cat":[169,172,138],"product_tag":[],"class_list":{"0":"post-5279","1":"product","2":"type-product","3":"status-publish","4":"has-post-thumbnail","6":"product_cat-dos-personnalisable-broderie","7":"product_cat-produit-forte-reduction","8":"product_cat-vetements","10":"first","11":"instock","12":"shipping-taxable","13":"purchasable","14":"product-type-variable"},"jetpack_sharing_enabled":true,"_links":{"self":[{"href":"https:\/\/www.clubfactory.fr\/lafertevolley\/wp-json\/wp\/v2\/product\/5279","targetHints":{"allow":["GET"]}}],"collection":[{"href":"https:\/\/www.clubfactory.fr\/lafertevolley\/wp-json\/wp\/v2\/product"}],"about":[{"href":"https:\/\/www.clubfactory.fr\/lafertevolley\/wp-json\/wp\/v2\/types\/product"}],"wp:featuredmedia":[{"embeddable":true,"href":"https:\/\/www.clubfactory.fr\/lafertevolley\/wp-json\/wp\/v2\/media\/5465"}],"wp:attachment":[{"href":"https:\/\/www.clubfactory.fr\/lafertevolley\/wp-json\/wp\/v2\/media?parent=5279"}],"wp:term":[{"taxonomy":"product_cat","embeddable":true,"href":"https:\/\/www.clubfactory.fr\/lafertevolley\/wp-json\/wp\/v2\/product_cat?post=5279"},{"taxonomy":"product_tag","embeddable":true,"href":"https:\/\/www.clubfactory.fr\/lafertevolley\/wp-json\/wp\/v2\/product_tag?post=5279"}],"curies":[{"name":"wp","href":"https:\/\/api.w.org\/{rel}","templated":true}]}}